{"id":1875,"date":"2025-08-08T15:43:09","date_gmt":"2025-08-08T19:43:09","guid":{"rendered":"https:\/\/nestocloud.ca\/?page_id=1875"},"modified":"2025-09-20T06:12:57","modified_gmt":"2025-09-20T10:12:57","slug":"politique-de-confidentialite","status":"publish","type":"page","link":"https:\/\/nestocloud.ca\/fr\/politique-de-confidentialite\/","title":{"rendered":"Politique de confidentialit\u00e9"},"content":{"rendered":"\n<p>nesto Inc. (\u00ab<strong> nesto<\/strong> \u00bb, \u00ab <strong>nous<\/strong> \u00bb, \u00ab <strong>notre<\/strong> \u00bb) respecte votre vie priv\u00e9e. Cette politique de confidentialit\u00e9 (\u00ab <strong>Politique<\/strong> \u00bb) explique quels renseignements personnels nous recueillons sur les sites Web d\u00e9tenus ou exploit\u00e9s par nesto (\u00ab <strong>Sites Web<\/strong> \u00bb), pourquoi nous les recueillons, comment nous les utilisons et les divulguons, ainsi que les choix qui s\u2019offrent \u00e0 vous. Elle s\u2019applique \u00e9galement aux renseignements personnels que nous obtenons par courriel ou par d\u2019autres canaux faisant r\u00e9f\u00e9rence \u00e0 cette Politique (collectivement, les \u00ab <strong>Services<\/strong> \u00bb). Les termes \u00ab<strong>vous<\/strong>\u00bb et \u00ab<strong>votre<\/strong>\u00bb d\u00e9signent la personne dont les renseignements personnels sont trait\u00e9s par nesto.<\/p>\n\n\n\n<p>Les Sites Web de nesto soutiennent l\u2019engagement B2B (par exemple, demandes de d\u00e9monstration, \u00ab <strong>contactez-nous<\/strong> \u00bb, etc.) et ne sont pas destin\u00e9s \u00e0 l\u2019int\u00e9gration de consommateurs. Toutefois, les consommateurs peuvent toujours nous contacter via des bo\u00eetes de r\u00e9ception g\u00e9n\u00e9rales; le cas \u00e9ch\u00e9ant, nous traitons ces informations conform\u00e9ment \u00e0 cette Politique.<\/p>\n\n\n\n<h3 class=\"wp-block-heading\" id=\"h-quelles-categories-de-renseignements-personnels-recueillons-nous\"><strong>Quelles cat\u00e9gories de renseignements personnels recueillons-nous ?<\/strong><\/h3>\n\n\n\n<p>\u00ab <strong>Renseignements personnels<\/strong> \u00bb d\u00e9signe toute information concernant une personne identifiable. Selon la fa\u00e7on dont vous interagissez avec nous, nous pouvons recueillir:<\/p>\n\n\n\n<ul class=\"wp-block-list\">\n<li><strong>Coordonn\u00e9es professionnelles<\/strong> : nom, titre, entreprise, courriel professionnel et t\u00e9l\u00e9phone professionnel soumis via nos formulaires de contact<br><strong>Identit\u00e9<\/strong> : pr\u00e9nom\/nom et toute information incluse dans les champs de texte libre.<\/li>\n\n\n\n<li><strong>Communications<\/strong> : contenu de vos demandes, pr\u00e9f\u00e9rences de r\u00e9union\/d\u00e9monstration, commentaires ou correspondance.<\/li>\n\n\n\n<li><strong>Technique<\/strong> : adresse IP, identifiants d\u2019appareil, type de navigateur, pages consult\u00e9es, clics, g\u00e9olocalisation (approximative) et autres donn\u00e9es d\u2019utilisation\/diagnostic captur\u00e9es via des outils d\u2019analyse et des pixels.<\/li>\n\n\n\n<li><strong>Recrutement<\/strong> (si vous postulez via des liens depuis les Sites Web) : CV, lettre de motivation, historique d\u2019emploi et informations connexes.<\/li>\n<\/ul>\n\n\n\n<p>Nous ne cherchons pas \u00e0 recueillir des cat\u00e9gories sensibles via ces Sites Web. Veuillez \u00e9viter de soumettre des renseignements personnels inutiles dans les champs de texte libre.<\/p>\n\n\n\n<h3 class=\"wp-block-heading\" id=\"h-comment-recueillons-nous-vos-renseignements-personnels\"><strong>Comment recueillons-nous vos renseignements personnels?<\/strong><\/h3>\n\n\n\n<p>Nous utilisons diverses m\u00e9thodes pour recueillir vos renseignements personnels, notamment :<\/p>\n\n\n\n<ul class=\"wp-block-list\">\n<li><strong>Interactions directes: <\/strong>lorsque vous remplissez un formulaire de contact\/d\u00e9monstration\/abonnement ou correspondez avec nous. Ces formulaires sont con\u00e7us pour des contacts professionnels agissant \u00e0 titre professionnel.<\/li>\n\n\n\n<li><strong>Collecte automatis\u00e9e : <\/strong>les t\u00e9moins, pixels et technologies similaires enregistrent des renseignements techniques pour aider \u00e0 exploiter et s\u00e9curiser les Sites Web et \u00e0 comprendre et am\u00e9liorer l\u2019engagement.<\/li>\n\n\n\n<li><strong>Recrutement : <\/strong>si vous suivez des liens depuis nos Sites Web pour postuler \u00e0 des postes, nous recueillons les renseignements de recrutement fournis par vous ou votre plateforme de recrutement.<\/li>\n<\/ul>\n\n\n\n<h3 class=\"wp-block-heading\" id=\"h-pourquoi-recueillons-nous-et-utilisons-nous-vos-renseignements-personnels\"><strong>Pourquoi recueillons-nous et utilisons-nous vos renseignements personnels ?<\/strong><\/h3>\n\n\n\n<p>Nous pouvons utiliser les renseignements recueillis pour les finalit\u00e9s suivantes :<\/p>\n\n\n\n<figure class=\"wp-block-table\"><table class=\"has-fixed-layout\"><tbody><tr><td><strong><strong>Finalit\u00e9<\/strong><\/strong><\/td><td><strong><strong>Type de renseignements personnels<\/strong><\/strong><\/td><\/tr><tr><td>R\u00e9pondre aux demandes ; planifier des d\u00e9monstrations ou des r\u00e9unions ; g\u00e9rer les relations B2B<\/td><td>Coordonn\u00e9es professionnelles ; Identit\u00e9 ; Communications<\/td><\/tr><tr><td>Exploiter, s\u00e9curiser et am\u00e9liorer les Sites Web (y compris l\u2019analyse, le d\u00e9bogage et la performance)<\/td><td>Technique ; Identit\u00e9\/Communications, selon le besoin<\/td><\/tr><tr><td>Mener des mesures de marketing\/publicit\u00e9 et optimiser les campagnes B2B<\/td><td>Technique ; Coordonn\u00e9es professionnelles (lorsque permis)<\/td><\/tr><tr><td>Recrutement (si vous postulez)<\/td><td>Recrutement ; Identit\u00e9 ; Coordonn\u00e9es<\/td><\/tr><tr><td>Respecter les obligations l\u00e9gales et appliquer les conditions ; pr\u00e9venir la fraude ou les abus<\/td><td>Toute cat\u00e9gorie selon le besoin<\/td><\/tr><\/tbody><\/table><\/figure>\n\n\n\n<p>Nous nous appuyons sur votre consentement lorsque requis (par exemple, communications marketing facultatives et t\u00e9moins au-del\u00e0 de ceux strictement n\u00e9cessaires). Dans un contexte B2B, certaines coordonn\u00e9es professionnelles peuvent \u00eatre trait\u00e9es sur la base de votre consentement implicite ou d\u2019exceptions applicables en vertu des lois canadiennes sur la vie priv\u00e9e, tout en maintenant une transparence \u00e9lev\u00e9e et des options de retrait.<\/p>\n\n\n\n<h3 class=\"wp-block-heading\" id=\"h-a-qui-divulguons-nous-vos-renseignements-personnels\"><strong>\u00c0 qui divulguons-nous vos renseignements personnels ?<\/strong><\/h3>\n\n\n\n<p>Nous partageons les renseignements personnels uniquement dans la mesure n\u00e9cessaire pour atteindre les finalit\u00e9s ci-dessus, comme suit :<\/p>\n\n\n\n<ul class=\"wp-block-list\">\n<li>Fournisseurs de services \/ sous-traitants qui h\u00e9bergent, exploitent et soutiennent nos Sites Web et notre pile commerciale (ex. : h\u00e9bergement infonuagique ; Google Analytics pour la mesure ; LinkedIn Insight Tag pour l\u2019attribution des campagnes B2B ; CRM\/automatisation marketing).<\/li>\n\n\n\n<li>Transactions corporatives, aspects juridiques et conformit\u00e9 : pour respecter la loi, r\u00e9pondre aux demandes l\u00e9gitimes, prot\u00e9ger les droits et la s\u00e9curit\u00e9, ou dans le cadre d\u2019une fusion, acquisition, financement ou vente d\u2019actifs.<\/li>\n\n\n\n<li>Nous ne vendons pas de renseignements personnels.<\/li>\n<\/ul>\n\n\n\n<p>Nous exigeons de nos fournisseurs de services qu\u2019ils prot\u00e8gent vos renseignements et ne les utilisent que selon nos instructions.ns.<\/p>\n\n\n\n<h3 class=\"wp-block-heading\" id=\"h-transferts-internationaux\"><strong>Transferts internationaux<\/strong><\/h3>\n\n\n\n<p><strong>&nbsp;<\/strong>Nos fournisseurs de services peuvent traiter des renseignements personnels \u00e0 l\u2019ext\u00e9rieur de votre province ou pays, notamment aux \u00c9tats-Unis. Ces renseignements peuvent \u00eatre accessibles aux tribunaux \u00e9trangers, aux forces de l\u2019ordre ou aux autorit\u00e9s de s\u00e9curit\u00e9 nationale. Nous mettons en \u0153uvre des mesures de protection appropri\u00e9es conform\u00e9ment \u00e0 la loi applicable pour ces transferts.<\/p>\n\n\n\n<h3 class=\"wp-block-heading\" id=\"h-comment-protegeons-nous-vos-renseignements-personnels\"><strong>Comment prot\u00e9geons-nous vos renseignements personnels ?<\/strong><\/h3>\n\n\n\n<p>Nous maintenons des mesures de protection physiques, techniques et administratives con\u00e7ues pour prot\u00e9ger les renseignements personnels contre tout acc\u00e8s, utilisation, modification ou divulgation non autoris\u00e9s. Toutefois, aucune m\u00e9thode de transmission sur Internet n\u2019est totalement s\u00e9curis\u00e9e, et vous utilisez les Sites Web \u00e0 vos propres risques.<\/p>\n\n\n\n<h3 class=\"wp-block-heading\" id=\"h-combien-de-temps-conservons-nous-vos-renseignements-personnels\"><strong>Combien de temps conservons-nous vos renseignements personnels ?<\/strong><\/h3>\n\n\n\n<p><strong>&nbsp;<\/strong>Nous conservons les renseignements personnels uniquement le temps n\u00e9cessaire pour atteindre les finalit\u00e9s d\u00e9crites dans cette Politique, y compris pour r\u00e9pondre aux exigences l\u00e9gales, r\u00e9glementaires, fiscales, comptables ou de s\u00e9curit\u00e9, ou pour \u00e9tablir ou d\u00e9fendre des r\u00e9clamations juridiques. Lorsque les renseignements ne sont plus n\u00e9cessaires, nous les supprimons, anonymisons ou d\u00e9personnalisons de mani\u00e8re s\u00e9curis\u00e9e conform\u00e9ment aux lois applicables et \u00e0 nos normes de conservation des donn\u00e9es.<\/p>\n\n\n\n<h3 class=\"wp-block-heading\" id=\"h-enfants-de-moins-de-14-ans\"><strong>Enfants de moins de 14 ans<\/strong><\/h3>\n\n\n\n<p>Les Sites Web ne sont pas destin\u00e9s aux enfants de moins de 14 ans, et nous ne recueillons pas sciemment de renseignements personnels aupr\u00e8s d\u2019eux. Si vous croyez qu\u2019un enfant a fourni des renseignements personnels, veuillez nous contacter afin que nous puissions les supprimer.<\/p>\n\n\n\n<h3 class=\"wp-block-heading\" id=\"h-vos-droits-concernant-vos-renseignements-personnels\"><strong>Vos droits concernant vos renseignements personnels<\/strong><\/h3>\n\n\n\n<p>Sous r\u00e9serve des limites l\u00e9gales, vous pouvez avoir des droits d\u2019acc\u00e8s, de rectification, de suppression, de portabilit\u00e9, d\u2019opposition ou de restriction \u00e0 certains traitements, et de retrait du consentement \u00e0 tout moment (sans effet r\u00e9troactif sur le traitement ant\u00e9rieur). Les demandes peuvent \u00eatre adress\u00e9es \u00e0 notre Responsable de la protection des renseignements personnels (voir Section 13 \u2013 Comment nous contacter). Pour les r\u00e9sidents du Qu\u00e9bec, le droit \u00e0 la portabilit\u00e9 des donn\u00e9es, \u00e0 la d\u00e9sindexation et \u00e0 la r\u00e9indexation peut \u00e9galement \u00eatre disponible.<\/p>\n\n\n\n<h3 class=\"wp-block-heading\" id=\"h-cookies-temoins-et-technologies-similaires\"><strong>Cookies (t\u00e9moins) et technologies similaires<\/strong><\/h3>\n\n\n\n<p>Nous utilisons des t\u00e9moins\/pixels pour exploiter les Sites Web, mesurer l\u2019utilisation et am\u00e9liorer notre marketing B2B. Les principaux outils incluent Google Analytics (initialement) et le LinkedIn Insight Tag, et nous pouvons en ajouter d\u2019autres au fil du temps pour soutenir nos campagnes. Vous pouvez g\u00e9rer vos pr\u00e9f\u00e9rences de t\u00e9moins via les param\u00e8tres de votre navigateur. Les options de retrait incluent le<a href=\"https:\/\/tools.google.com\/dlpage\/gaoptout\"> Google Analytics Opt\u2011out Browser Add\u2011on<\/a> et les programmes de choix publicitaires de l\u2019industrie tels que<a href=\"https:\/\/optout.aboutads.info\/\"> YourAdChoices<\/a> et<a href=\"https:\/\/optout.networkadvertising.org\/?c=1\"> Network Advertising Initiative<\/a>.<\/p>\n\n\n\n<h3 class=\"wp-block-heading\" id=\"h-hyperliens-vers-d-autres-sites-web\"><strong>Hyperliens vers d\u2019autres sites Web<\/strong><\/h3>\n\n\n\n<p>Les Sites Web peuvent contenir des liens vers des sites ou services tiers non contr\u00f4l\u00e9s par nesto. Toute information que vous fournissez \u00e0 ces sites est r\u00e9gie par leurs politiques de confidentialit\u00e9, non par la n\u00f4tre.<\/p>\n\n\n\n<h3 class=\"wp-block-heading\" id=\"h-modifications-de-cette-politique\"><strong>Modifications de cette politique<\/strong><\/h3>\n\n\n\n<p>Nous pouvons mettre \u00e0 jour cette Politique de temps \u00e0 autre. Les modifications seront publi\u00e9es sur les Sites Web et prendront effet d\u00e8s leur publication. Votre utilisation continue signifie l\u2019acceptation de la Politique mise \u00e0 jour.<\/p>\n\n\n\n<h3 class=\"wp-block-heading\" id=\"h-comment-nous-contacter\"><strong>Comment nous contacter<\/strong><\/h3>\n\n\n\n<p>Si vous avez des questions, pr\u00e9occupations ou demandes concernant cette Politique ou vos renseignements personnels, veuillez contacter notre Responsable de la protection des renseignements personnels : <a href=\"mailto:confidentialite@nesto.ca\">confidentialite@nesto.ca<br><\/a><\/p>\n","protected":false},"excerpt":{"rendered":"<p>nesto Inc. (\u00ab nesto \u00bb, \u00ab nous \u00bb, \u00ab notre \u00bb) respecte votre vie priv\u00e9e. Cette politique de confidentialit\u00e9 (\u00ab Politique \u00bb) explique quels renseignements personnels nous recueillons sur les sites Web d\u00e9tenus ou exploit\u00e9s par nesto (\u00ab Sites Web \u00bb), pourquoi nous les recueillons, comment nous les utilisons et les divulguons, ainsi que les [&hellip;]<\/p>\n","protected":false},"author":7,"featured_media":0,"parent":0,"menu_order":0,"comment_status":"closed","ping_status":"open","template":"","meta":{"_acf_changed":false,"footnotes":""},"class_list":["post-1875","page","type-page","status-publish","hentry"],"acf":[],"yoast_head":"<!-- This site is optimized with the Yoast SEO Premium plugin v27.5 (Yoast SEO v27.5) - https:\/\/yoast.com\/product\/yoast-seo-premium-wordpress\/ -->\n<title>Politique de confidentialit\u00e9 - Nesto Cloud<\/title>\n<meta name=\"description\" content=\"D\u00e9couvrez comment Nesto Cloud prot\u00e8ge vos donn\u00e9es gr\u00e2ce \u00e0 des normes de s\u00e9curit\u00e9 avanc\u00e9es et des pratiques de conformit\u00e9 reconnues.\" \/>\n<meta name=\"robots\" content=\"index, follow, max-snippet:-1, max-image-preview:large, max-video-preview:-1\" \/>\n<link rel=\"canonical\" href=\"https:\/\/nestocloud.ca\/fr\/politique-de-confidentialite\/\" \/>\n<meta property=\"og:locale\" content=\"fr_CA\" \/>\n<meta property=\"og:type\" content=\"article\" \/>\n<meta property=\"og:title\" content=\"Politique de confidentialit\u00e9\" \/>\n<meta property=\"og:description\" content=\"D\u00e9couvrez comment Nesto Cloud prot\u00e8ge vos donn\u00e9es gr\u00e2ce \u00e0 des normes de s\u00e9curit\u00e9 avanc\u00e9es et des pratiques de conformit\u00e9 reconnues.\" \/>\n<meta property=\"og:url\" content=\"https:\/\/nestocloud.ca\/fr\/politique-de-confidentialite\/\" \/>\n<meta property=\"og:site_name\" content=\"Nesto Cloud\" \/>\n<meta property=\"article:modified_time\" content=\"2025-09-20T10:12:57+00:00\" \/>\n<meta property=\"og:image\" content=\"https:\/\/nestocloud.ca\/wp-content\/uploads\/2025\/09\/SocialSharing-NestoCloud.png\" \/>\n\t<meta property=\"og:image:width\" content=\"1200\" \/>\n\t<meta property=\"og:image:height\" content=\"628\" \/>\n\t<meta property=\"og:image:type\" content=\"image\/png\" \/>\n<meta name=\"twitter:card\" content=\"summary_large_image\" \/>\n<meta name=\"twitter:label1\" content=\"Est. reading time\" \/>\n\t<meta name=\"twitter:data1\" content=\"6 minutes\" \/>\n<script type=\"application\/ld+json\" class=\"yoast-schema-graph\">{\"@context\":\"https:\\\/\\\/schema.org\",\"@graph\":[{\"@type\":\"WebPage\",\"@id\":\"https:\\\/\\\/nestocloud.ca\\\/fr\\\/politique-de-confidentialite\\\/\",\"url\":\"https:\\\/\\\/nestocloud.ca\\\/fr\\\/politique-de-confidentialite\\\/\",\"name\":\"Politique de confidentialit\u00e9 - Nesto Cloud\",\"isPartOf\":{\"@id\":\"https:\\\/\\\/nestocloud.ca\\\/fr\\\/#website\"},\"datePublished\":\"2025-08-08T19:43:09+00:00\",\"dateModified\":\"2025-09-20T10:12:57+00:00\",\"description\":\"D\u00e9couvrez comment Nesto Cloud prot\u00e8ge vos donn\u00e9es gr\u00e2ce \u00e0 des normes de s\u00e9curit\u00e9 avanc\u00e9es et des pratiques de conformit\u00e9 reconnues.\",\"breadcrumb\":{\"@id\":\"https:\\\/\\\/nestocloud.ca\\\/fr\\\/politique-de-confidentialite\\\/#breadcrumb\"},\"inLanguage\":\"fr-CA\",\"potentialAction\":[{\"@type\":\"ReadAction\",\"target\":[\"https:\\\/\\\/nestocloud.ca\\\/fr\\\/politique-de-confidentialite\\\/\"]}]},{\"@type\":\"BreadcrumbList\",\"@id\":\"https:\\\/\\\/nestocloud.ca\\\/fr\\\/politique-de-confidentialite\\\/#breadcrumb\",\"itemListElement\":[{\"@type\":\"ListItem\",\"position\":1,\"name\":\"Home\",\"item\":\"https:\\\/\\\/nestocloud.ca\\\/fr\\\/\"},{\"@type\":\"ListItem\",\"position\":2,\"name\":\"Politique de confidentialit\u00e9\"}]},{\"@type\":\"WebSite\",\"@id\":\"https:\\\/\\\/nestocloud.ca\\\/fr\\\/#website\",\"url\":\"https:\\\/\\\/nestocloud.ca\\\/fr\\\/\",\"name\":\"Nesto Cloud\",\"description\":\"\",\"potentialAction\":[{\"@type\":\"SearchAction\",\"target\":{\"@type\":\"EntryPoint\",\"urlTemplate\":\"https:\\\/\\\/nestocloud.ca\\\/fr\\\/?s={search_term_string}\"},\"query-input\":{\"@type\":\"PropertyValueSpecification\",\"valueRequired\":true,\"valueName\":\"search_term_string\"}}],\"inLanguage\":\"fr-CA\"}]}<\/script>\n<!-- \/ Yoast SEO Premium plugin. -->","yoast_head_json":{"title":"Politique de confidentialit\u00e9 - Nesto Cloud","description":"D\u00e9couvrez comment Nesto Cloud prot\u00e8ge vos donn\u00e9es gr\u00e2ce \u00e0 des normes de s\u00e9curit\u00e9 avanc\u00e9es et des pratiques de conformit\u00e9 reconnues.","robots":{"index":"index","follow":"follow","max-snippet":"max-snippet:-1","max-image-preview":"max-image-preview:large","max-video-preview":"max-video-preview:-1"},"canonical":"https:\/\/nestocloud.ca\/fr\/politique-de-confidentialite\/","og_locale":"fr_CA","og_type":"article","og_title":"Politique de confidentialit\u00e9","og_description":"D\u00e9couvrez comment Nesto Cloud prot\u00e8ge vos donn\u00e9es gr\u00e2ce \u00e0 des normes de s\u00e9curit\u00e9 avanc\u00e9es et des pratiques de conformit\u00e9 reconnues.","og_url":"https:\/\/nestocloud.ca\/fr\/politique-de-confidentialite\/","og_site_name":"Nesto Cloud","article_modified_time":"2025-09-20T10:12:57+00:00","og_image":[{"width":1200,"height":628,"url":"https:\/\/nestocloud.ca\/wp-content\/uploads\/2025\/09\/SocialSharing-NestoCloud.png","type":"image\/png"}],"twitter_card":"summary_large_image","twitter_misc":{"Est. reading time":"6 minutes"},"schema":{"@context":"https:\/\/schema.org","@graph":[{"@type":"WebPage","@id":"https:\/\/nestocloud.ca\/fr\/politique-de-confidentialite\/","url":"https:\/\/nestocloud.ca\/fr\/politique-de-confidentialite\/","name":"Politique de confidentialit\u00e9 - Nesto Cloud","isPartOf":{"@id":"https:\/\/nestocloud.ca\/fr\/#website"},"datePublished":"2025-08-08T19:43:09+00:00","dateModified":"2025-09-20T10:12:57+00:00","description":"D\u00e9couvrez comment Nesto Cloud prot\u00e8ge vos donn\u00e9es gr\u00e2ce \u00e0 des normes de s\u00e9curit\u00e9 avanc\u00e9es et des pratiques de conformit\u00e9 reconnues.","breadcrumb":{"@id":"https:\/\/nestocloud.ca\/fr\/politique-de-confidentialite\/#breadcrumb"},"inLanguage":"fr-CA","potentialAction":[{"@type":"ReadAction","target":["https:\/\/nestocloud.ca\/fr\/politique-de-confidentialite\/"]}]},{"@type":"BreadcrumbList","@id":"https:\/\/nestocloud.ca\/fr\/politique-de-confidentialite\/#breadcrumb","itemListElement":[{"@type":"ListItem","position":1,"name":"Home","item":"https:\/\/nestocloud.ca\/fr\/"},{"@type":"ListItem","position":2,"name":"Politique de confidentialit\u00e9"}]},{"@type":"WebSite","@id":"https:\/\/nestocloud.ca\/fr\/#website","url":"https:\/\/nestocloud.ca\/fr\/","name":"Nesto Cloud","description":"","potentialAction":[{"@type":"SearchAction","target":{"@type":"EntryPoint","urlTemplate":"https:\/\/nestocloud.ca\/fr\/?s={search_term_string}"},"query-input":{"@type":"PropertyValueSpecification","valueRequired":true,"valueName":"search_term_string"}}],"inLanguage":"fr-CA"}]}},"_links":{"self":[{"href":"https:\/\/nestocloud.ca\/fr\/wp-json\/wp\/v2\/pages\/1875","targetHints":{"allow":["GET"]}}],"collection":[{"href":"https:\/\/nestocloud.ca\/fr\/wp-json\/wp\/v2\/pages"}],"about":[{"href":"https:\/\/nestocloud.ca\/fr\/wp-json\/wp\/v2\/types\/page"}],"author":[{"embeddable":true,"href":"https:\/\/nestocloud.ca\/fr\/wp-json\/wp\/v2\/users\/7"}],"replies":[{"embeddable":true,"href":"https:\/\/nestocloud.ca\/fr\/wp-json\/wp\/v2\/comments?post=1875"}],"version-history":[{"count":2,"href":"https:\/\/nestocloud.ca\/fr\/wp-json\/wp\/v2\/pages\/1875\/revisions"}],"predecessor-version":[{"id":1878,"href":"https:\/\/nestocloud.ca\/fr\/wp-json\/wp\/v2\/pages\/1875\/revisions\/1878"}],"wp:attachment":[{"href":"https:\/\/nestocloud.ca\/fr\/wp-json\/wp\/v2\/media?parent=1875"}],"curies":[{"name":"wp","href":"https:\/\/api.w.org\/{rel}","templated":true}]}}