{"id":1737,"date":"2025-09-16T22:21:35","date_gmt":"2025-09-17T02:21:35","guid":{"rendered":"https:\/\/cloud.nesto.ca\/about-us\/"},"modified":"2026-03-02T14:17:35","modified_gmt":"2026-03-02T18:17:35","slug":"a-propos","status":"publish","type":"page","link":"https:\/\/nestocloud.ca\/fr\/a-propos\/","title":{"rendered":"About us"},"content":{"rendered":"","protected":false},"excerpt":{"rendered":"","protected":false},"author":6,"featured_media":0,"parent":0,"menu_order":0,"comment_status":"closed","ping_status":"closed","template":"","meta":{"_acf_changed":false,"footnotes":""},"class_list":["post-1737","page","type-page","status-publish","hentry"],"acf":[],"yoast_head":"<!-- This site is optimized with the Yoast SEO Premium plugin v27.5 (Yoast SEO v27.5) - https:\/\/yoast.com\/product\/yoast-seo-premium-wordpress\/ -->\n<title>\u00c0 propos de Nesto Cloud | La plateforme hypoth\u00e9caire du Canada<\/title>\n<meta name=\"description\" content=\"Nesto Cloud soutient les pr\u00eateurs avec une technologie hypoth\u00e9caire infonuagique, de l\u2019automatisation et plus de 50 ans d\u2019expertise.\" \/>\n<meta name=\"robots\" content=\"index, follow, max-snippet:-1, max-image-preview:large, max-video-preview:-1\" \/>\n<link rel=\"canonical\" href=\"https:\/\/nestocloud.ca\/fr\/a-propos\/\" \/>\n<meta property=\"og:locale\" content=\"fr_CA\" \/>\n<meta property=\"og:type\" content=\"article\" \/>\n<meta property=\"og:title\" content=\"\u00c0 propos de Nesto Cloud | La plateforme hypoth\u00e9caire du Canada\" \/>\n<meta property=\"og:description\" content=\"Nesto Cloud soutient les pr\u00eateurs avec une technologie hypoth\u00e9caire infonuagique, de l\u2019automatisation et plus de 50 ans d\u2019expertise.\" \/>\n<meta property=\"og:url\" content=\"https:\/\/nestocloud.ca\/fr\/a-propos\/\" \/>\n<meta property=\"og:site_name\" content=\"Nesto Cloud\" \/>\n<meta property=\"article:modified_time\" content=\"2026-03-02T18:17:35+00:00\" \/>\n<meta property=\"og:image\" content=\"https:\/\/nestocloud.ca\/wp-content\/uploads\/2025\/09\/SocialSharing-NestoCloud.png\" \/>\n\t<meta property=\"og:image:width\" content=\"1200\" \/>\n\t<meta property=\"og:image:height\" content=\"628\" \/>\n\t<meta property=\"og:image:type\" content=\"image\/png\" \/>\n<meta name=\"twitter:card\" content=\"summary_large_image\" \/>\n<meta name=\"twitter:title\" content=\"About us\" \/>\n<script type=\"application\/ld+json\" class=\"yoast-schema-graph\">{\"@context\":\"https:\\\/\\\/schema.org\",\"@graph\":[{\"@type\":\"WebPage\",\"@id\":\"https:\\\/\\\/nestocloud.ca\\\/fr\\\/a-propos\\\/\",\"url\":\"https:\\\/\\\/nestocloud.ca\\\/fr\\\/a-propos\\\/\",\"name\":\"\u00c0 propos de Nesto Cloud | La plateforme hypoth\u00e9caire du Canada\",\"isPartOf\":{\"@id\":\"https:\\\/\\\/nestocloud.ca\\\/fr\\\/#website\"},\"datePublished\":\"2025-09-17T02:21:35+00:00\",\"dateModified\":\"2026-03-02T18:17:35+00:00\",\"description\":\"Nesto Cloud soutient les pr\u00eateurs avec une technologie hypoth\u00e9caire infonuagique, de l\u2019automatisation et plus de 50 ans d\u2019expertise.\",\"breadcrumb\":{\"@id\":\"https:\\\/\\\/nestocloud.ca\\\/fr\\\/a-propos\\\/#breadcrumb\"},\"inLanguage\":\"fr-CA\",\"potentialAction\":[{\"@type\":\"ReadAction\",\"target\":[\"https:\\\/\\\/nestocloud.ca\\\/fr\\\/a-propos\\\/\"]}]},{\"@type\":\"BreadcrumbList\",\"@id\":\"https:\\\/\\\/nestocloud.ca\\\/fr\\\/a-propos\\\/#breadcrumb\",\"itemListElement\":[{\"@type\":\"ListItem\",\"position\":1,\"name\":\"Home\",\"item\":\"https:\\\/\\\/nestocloud.ca\\\/fr\\\/\"},{\"@type\":\"ListItem\",\"position\":2,\"name\":\"About us\"}]},{\"@type\":\"WebSite\",\"@id\":\"https:\\\/\\\/nestocloud.ca\\\/fr\\\/#website\",\"url\":\"https:\\\/\\\/nestocloud.ca\\\/fr\\\/\",\"name\":\"Nesto Cloud\",\"description\":\"\",\"potentialAction\":[{\"@type\":\"SearchAction\",\"target\":{\"@type\":\"EntryPoint\",\"urlTemplate\":\"https:\\\/\\\/nestocloud.ca\\\/fr\\\/?s={search_term_string}\"},\"query-input\":{\"@type\":\"PropertyValueSpecification\",\"valueRequired\":true,\"valueName\":\"search_term_string\"}}],\"inLanguage\":\"fr-CA\"}]}<\/script>\n<!-- \/ Yoast SEO Premium plugin. -->","yoast_head_json":{"title":"\u00c0 propos de Nesto Cloud | La plateforme hypoth\u00e9caire du Canada","description":"Nesto Cloud soutient les pr\u00eateurs avec une technologie hypoth\u00e9caire infonuagique, de l\u2019automatisation et plus de 50 ans d\u2019expertise.","robots":{"index":"index","follow":"follow","max-snippet":"max-snippet:-1","max-image-preview":"max-image-preview:large","max-video-preview":"max-video-preview:-1"},"canonical":"https:\/\/nestocloud.ca\/fr\/a-propos\/","og_locale":"fr_CA","og_type":"article","og_title":"\u00c0 propos de Nesto Cloud | La plateforme hypoth\u00e9caire du Canada","og_description":"Nesto Cloud soutient les pr\u00eateurs avec une technologie hypoth\u00e9caire infonuagique, de l\u2019automatisation et plus de 50 ans d\u2019expertise.","og_url":"https:\/\/nestocloud.ca\/fr\/a-propos\/","og_site_name":"Nesto Cloud","article_modified_time":"2026-03-02T18:17:35+00:00","og_image":[{"width":1200,"height":628,"url":"https:\/\/nestocloud.ca\/wp-content\/uploads\/2025\/09\/SocialSharing-NestoCloud.png","type":"image\/png"}],"twitter_card":"summary_large_image","twitter_title":"About us","schema":{"@context":"https:\/\/schema.org","@graph":[{"@type":"WebPage","@id":"https:\/\/nestocloud.ca\/fr\/a-propos\/","url":"https:\/\/nestocloud.ca\/fr\/a-propos\/","name":"\u00c0 propos de Nesto Cloud | La plateforme hypoth\u00e9caire du Canada","isPartOf":{"@id":"https:\/\/nestocloud.ca\/fr\/#website"},"datePublished":"2025-09-17T02:21:35+00:00","dateModified":"2026-03-02T18:17:35+00:00","description":"Nesto Cloud soutient les pr\u00eateurs avec une technologie hypoth\u00e9caire infonuagique, de l\u2019automatisation et plus de 50 ans d\u2019expertise.","breadcrumb":{"@id":"https:\/\/nestocloud.ca\/fr\/a-propos\/#breadcrumb"},"inLanguage":"fr-CA","potentialAction":[{"@type":"ReadAction","target":["https:\/\/nestocloud.ca\/fr\/a-propos\/"]}]},{"@type":"BreadcrumbList","@id":"https:\/\/nestocloud.ca\/fr\/a-propos\/#breadcrumb","itemListElement":[{"@type":"ListItem","position":1,"name":"Home","item":"https:\/\/nestocloud.ca\/fr\/"},{"@type":"ListItem","position":2,"name":"About us"}]},{"@type":"WebSite","@id":"https:\/\/nestocloud.ca\/fr\/#website","url":"https:\/\/nestocloud.ca\/fr\/","name":"Nesto Cloud","description":"","potentialAction":[{"@type":"SearchAction","target":{"@type":"EntryPoint","urlTemplate":"https:\/\/nestocloud.ca\/fr\/?s={search_term_string}"},"query-input":{"@type":"PropertyValueSpecification","valueRequired":true,"valueName":"search_term_string"}}],"inLanguage":"fr-CA"}]}},"_links":{"self":[{"href":"https:\/\/nestocloud.ca\/fr\/wp-json\/wp\/v2\/pages\/1737","targetHints":{"allow":["GET"]}}],"collection":[{"href":"https:\/\/nestocloud.ca\/fr\/wp-json\/wp\/v2\/pages"}],"about":[{"href":"https:\/\/nestocloud.ca\/fr\/wp-json\/wp\/v2\/types\/page"}],"author":[{"embeddable":true,"href":"https:\/\/nestocloud.ca\/fr\/wp-json\/wp\/v2\/users\/6"}],"replies":[{"embeddable":true,"href":"https:\/\/nestocloud.ca\/fr\/wp-json\/wp\/v2\/comments?post=1737"}],"version-history":[{"count":27,"href":"https:\/\/nestocloud.ca\/fr\/wp-json\/wp\/v2\/pages\/1737\/revisions"}],"predecessor-version":[{"id":2352,"href":"https:\/\/nestocloud.ca\/fr\/wp-json\/wp\/v2\/pages\/1737\/revisions\/2352"}],"wp:attachment":[{"href":"https:\/\/nestocloud.ca\/fr\/wp-json\/wp\/v2\/media?parent=1737"}],"curies":[{"name":"wp","href":"https:\/\/api.w.org\/{rel}","templated":true}]}}