{"id":1735,"date":"2025-09-16T22:21:10","date_gmt":"2025-09-17T02:21:10","guid":{"rendered":"https:\/\/cloud.nesto.ca\/commercial\/"},"modified":"2025-12-03T10:09:02","modified_gmt":"2025-12-03T14:09:02","slug":"commercial","status":"publish","type":"page","link":"https:\/\/nestocloud.ca\/fr\/commercial\/","title":{"rendered":"Commercial"},"content":{"rendered":"","protected":false},"excerpt":{"rendered":"","protected":false},"author":6,"featured_media":0,"parent":0,"menu_order":0,"comment_status":"closed","ping_status":"closed","template":"","meta":{"_acf_changed":false,"footnotes":""},"class_list":["post-1735","page","type-page","status-publish","hentry"],"acf":[],"yoast_head":"<!-- This site is optimized with the Yoast SEO Premium plugin v27.5 (Yoast SEO v27.5) - https:\/\/yoast.com\/product\/yoast-seo-premium-wordpress\/ -->\n<title>Solutions de pr\u00eats commerciaux de bout en bout | Nesto Cloud<\/title>\n<meta name=\"description\" content=\"Modernisez vos pr\u00eats commerciaux gr\u00e2ce \u00e0 la plateforme num\u00e9rique de Nesto Cloud, avec automatisation et services d\u2019externalisation int\u00e9gr\u00e9s.\" \/>\n<meta name=\"robots\" content=\"index, follow, max-snippet:-1, max-image-preview:large, max-video-preview:-1\" \/>\n<link rel=\"canonical\" href=\"https:\/\/nestocloud.ca\/fr\/commercial\/\" \/>\n<meta property=\"og:locale\" content=\"fr_CA\" \/>\n<meta property=\"og:type\" content=\"article\" \/>\n<meta property=\"og:title\" content=\"Solutions de pr\u00eats commerciaux de bout en bout | Nesto Cloud\" \/>\n<meta property=\"og:description\" content=\"Modernisez vos pr\u00eats commerciaux gr\u00e2ce \u00e0 la plateforme num\u00e9rique de Nesto Cloud, avec automatisation et services d\u2019externalisation int\u00e9gr\u00e9s.\" \/>\n<meta property=\"og:url\" content=\"https:\/\/nestocloud.ca\/fr\/commercial\/\" \/>\n<meta property=\"og:site_name\" content=\"Nesto Cloud\" \/>\n<meta property=\"article:modified_time\" content=\"2025-12-03T14:09:02+00:00\" \/>\n<meta property=\"og:image\" content=\"https:\/\/nestocloud.ca\/wp-content\/uploads\/2025\/09\/SocialSharing-NestoCloud.png\" \/>\n\t<meta property=\"og:image:width\" content=\"1200\" \/>\n\t<meta property=\"og:image:height\" content=\"628\" \/>\n\t<meta property=\"og:image:type\" content=\"image\/png\" \/>\n<meta name=\"twitter:card\" content=\"summary_large_image\" \/>\n<meta name=\"twitter:title\" content=\"Commercial\" \/>\n<script type=\"application\/ld+json\" class=\"yoast-schema-graph\">{\"@context\":\"https:\\\/\\\/schema.org\",\"@graph\":[{\"@type\":\"WebPage\",\"@id\":\"https:\\\/\\\/nestocloud.ca\\\/fr\\\/commercial\\\/\",\"url\":\"https:\\\/\\\/nestocloud.ca\\\/fr\\\/commercial\\\/\",\"name\":\"Solutions de pr\u00eats commerciaux de bout en bout | Nesto Cloud\",\"isPartOf\":{\"@id\":\"https:\\\/\\\/nestocloud.ca\\\/fr\\\/#website\"},\"datePublished\":\"2025-09-17T02:21:10+00:00\",\"dateModified\":\"2025-12-03T14:09:02+00:00\",\"description\":\"Modernisez vos pr\u00eats commerciaux gr\u00e2ce \u00e0 la plateforme num\u00e9rique de Nesto Cloud, avec automatisation et services d\u2019externalisation int\u00e9gr\u00e9s.\",\"breadcrumb\":{\"@id\":\"https:\\\/\\\/nestocloud.ca\\\/fr\\\/commercial\\\/#breadcrumb\"},\"inLanguage\":\"fr-CA\",\"potentialAction\":[{\"@type\":\"ReadAction\",\"target\":[\"https:\\\/\\\/nestocloud.ca\\\/fr\\\/commercial\\\/\"]}]},{\"@type\":\"BreadcrumbList\",\"@id\":\"https:\\\/\\\/nestocloud.ca\\\/fr\\\/commercial\\\/#breadcrumb\",\"itemListElement\":[{\"@type\":\"ListItem\",\"position\":1,\"name\":\"Home\",\"item\":\"https:\\\/\\\/nestocloud.ca\\\/fr\\\/\"},{\"@type\":\"ListItem\",\"position\":2,\"name\":\"Commercial\"}]},{\"@type\":\"WebSite\",\"@id\":\"https:\\\/\\\/nestocloud.ca\\\/fr\\\/#website\",\"url\":\"https:\\\/\\\/nestocloud.ca\\\/fr\\\/\",\"name\":\"Nesto Cloud\",\"description\":\"\",\"potentialAction\":[{\"@type\":\"SearchAction\",\"target\":{\"@type\":\"EntryPoint\",\"urlTemplate\":\"https:\\\/\\\/nestocloud.ca\\\/fr\\\/?s={search_term_string}\"},\"query-input\":{\"@type\":\"PropertyValueSpecification\",\"valueRequired\":true,\"valueName\":\"search_term_string\"}}],\"inLanguage\":\"fr-CA\"}]}<\/script>\n<!-- \/ Yoast SEO Premium plugin. -->","yoast_head_json":{"title":"Solutions de pr\u00eats commerciaux de bout en bout | Nesto Cloud","description":"Modernisez vos pr\u00eats commerciaux gr\u00e2ce \u00e0 la plateforme num\u00e9rique de Nesto Cloud, avec automatisation et services d\u2019externalisation int\u00e9gr\u00e9s.","robots":{"index":"index","follow":"follow","max-snippet":"max-snippet:-1","max-image-preview":"max-image-preview:large","max-video-preview":"max-video-preview:-1"},"canonical":"https:\/\/nestocloud.ca\/fr\/commercial\/","og_locale":"fr_CA","og_type":"article","og_title":"Solutions de pr\u00eats commerciaux de bout en bout | Nesto Cloud","og_description":"Modernisez vos pr\u00eats commerciaux gr\u00e2ce \u00e0 la plateforme num\u00e9rique de Nesto Cloud, avec automatisation et services d\u2019externalisation int\u00e9gr\u00e9s.","og_url":"https:\/\/nestocloud.ca\/fr\/commercial\/","og_site_name":"Nesto Cloud","article_modified_time":"2025-12-03T14:09:02+00:00","og_image":[{"width":1200,"height":628,"url":"https:\/\/nestocloud.ca\/wp-content\/uploads\/2025\/09\/SocialSharing-NestoCloud.png","type":"image\/png"}],"twitter_card":"summary_large_image","twitter_title":"Commercial","schema":{"@context":"https:\/\/schema.org","@graph":[{"@type":"WebPage","@id":"https:\/\/nestocloud.ca\/fr\/commercial\/","url":"https:\/\/nestocloud.ca\/fr\/commercial\/","name":"Solutions de pr\u00eats commerciaux de bout en bout | Nesto Cloud","isPartOf":{"@id":"https:\/\/nestocloud.ca\/fr\/#website"},"datePublished":"2025-09-17T02:21:10+00:00","dateModified":"2025-12-03T14:09:02+00:00","description":"Modernisez vos pr\u00eats commerciaux gr\u00e2ce \u00e0 la plateforme num\u00e9rique de Nesto Cloud, avec automatisation et services d\u2019externalisation int\u00e9gr\u00e9s.","breadcrumb":{"@id":"https:\/\/nestocloud.ca\/fr\/commercial\/#breadcrumb"},"inLanguage":"fr-CA","potentialAction":[{"@type":"ReadAction","target":["https:\/\/nestocloud.ca\/fr\/commercial\/"]}]},{"@type":"BreadcrumbList","@id":"https:\/\/nestocloud.ca\/fr\/commercial\/#breadcrumb","itemListElement":[{"@type":"ListItem","position":1,"name":"Home","item":"https:\/\/nestocloud.ca\/fr\/"},{"@type":"ListItem","position":2,"name":"Commercial"}]},{"@type":"WebSite","@id":"https:\/\/nestocloud.ca\/fr\/#website","url":"https:\/\/nestocloud.ca\/fr\/","name":"Nesto Cloud","description":"","potentialAction":[{"@type":"SearchAction","target":{"@type":"EntryPoint","urlTemplate":"https:\/\/nestocloud.ca\/fr\/?s={search_term_string}"},"query-input":{"@type":"PropertyValueSpecification","valueRequired":true,"valueName":"search_term_string"}}],"inLanguage":"fr-CA"}]}},"_links":{"self":[{"href":"https:\/\/nestocloud.ca\/fr\/wp-json\/wp\/v2\/pages\/1735","targetHints":{"allow":["GET"]}}],"collection":[{"href":"https:\/\/nestocloud.ca\/fr\/wp-json\/wp\/v2\/pages"}],"about":[{"href":"https:\/\/nestocloud.ca\/fr\/wp-json\/wp\/v2\/types\/page"}],"author":[{"embeddable":true,"href":"https:\/\/nestocloud.ca\/fr\/wp-json\/wp\/v2\/users\/6"}],"replies":[{"embeddable":true,"href":"https:\/\/nestocloud.ca\/fr\/wp-json\/wp\/v2\/comments?post=1735"}],"version-history":[{"count":49,"href":"https:\/\/nestocloud.ca\/fr\/wp-json\/wp\/v2\/pages\/1735\/revisions"}],"predecessor-version":[{"id":2310,"href":"https:\/\/nestocloud.ca\/fr\/wp-json\/wp\/v2\/pages\/1735\/revisions\/2310"}],"wp:attachment":[{"href":"https:\/\/nestocloud.ca\/fr\/wp-json\/wp\/v2\/media?parent=1735"}],"curies":[{"name":"wp","href":"https:\/\/api.w.org\/{rel}","templated":true}]}}